{"id":628,"date":"2022-01-19T09:40:52","date_gmt":"2022-01-19T09:40:52","guid":{"rendered":"https:\/\/startersites.io\/stagingthree\/?page_id=628"},"modified":"2025-10-14T00:26:10","modified_gmt":"2025-10-13T21:26:10","slug":"about-us","status":"publish","type":"page","link":"https:\/\/shopinsia.com\/en\/about-us\/","title":{"rendered":"About us"},"content":{"rendered":"<figure class=\"wp-block-image alignfull size-full\"><img loading=\"lazy\" decoding=\"async\" width=\"1500\" height=\"300\" src=\"https:\/\/shopinsia.com\/wp-content\/uploads\/2025\/03\/about-us_bg.webp\" alt=\"\" class=\"wp-image-1449\" srcset=\"https:\/\/shopinsia.com\/wp-content\/uploads\/2025\/03\/about-us_bg.webp 1500w, https:\/\/shopinsia.com\/wp-content\/uploads\/2025\/03\/about-us_bg-300x60.webp 300w, https:\/\/shopinsia.com\/wp-content\/uploads\/2025\/03\/about-us_bg-1024x205.webp 1024w, https:\/\/shopinsia.com\/wp-content\/uploads\/2025\/03\/about-us_bg-768x154.webp 768w, https:\/\/shopinsia.com\/wp-content\/uploads\/2025\/03\/about-us_bg-18x4.webp 18w, https:\/\/shopinsia.com\/wp-content\/uploads\/2025\/03\/about-us_bg-600x120.webp 600w\" sizes=\"auto, (max-width: 1500px) 100vw, 1500px\" \/><\/figure>\n\n\n\n<div class=\"wp-block-stackable-spacer stk-block-spacer stk--no-padding stk-block stk-c003d22\" data-block-id=\"c003d22\"><style>.stk-c003d22 {height:50px !important;}@media screen and (max-width:689px){.stk-c003d22 {height:20px !important;}}<\/style><\/div>\n\n\n\n<div class=\"wp-block-stackable-heading stk-block-heading stk-block-heading--v2 stk-block stk-cc405c3\" id=\"strong-kimiz-biz-strong\" data-block-id=\"cc405c3\"><style>@media screen and (max-width:999px){.stk-cc405c3 {margin-bottom:40px !important;}}@media screen and (max-width:689px){.stk-cc405c3 {margin-bottom:24px !important;}.stk-cc405c3 .stk-block-heading__text{font-size:25px !important;}}<\/style><h2 class=\"stk-block-heading__text has-text-align-center has-text-align-center-mobile\"><strong>Who are we?<\/strong><\/h2><\/div>\n\n\n\n<div class=\"wp-block-stackable-text stk-block-text stk-block stk-28f5e2d\" data-block-id=\"28f5e2d\"><p class=\"stk-block-text__text has-text-align-justify\">At Shopinsia, we create unique, entirely handmade pieces that blend traditional and modern elements in jewelry design. The elegant folding techniques of origami form the cornerstone of our designs.<\/p><\/div>\n\n\n\n<div class=\"wp-block-stackable-spacer stk-block-spacer stk--no-padding stk-block stk-0f07c80\" data-block-id=\"0f07c80\"><style>.stk-0f07c80 {height:100px !important;}@media screen and (max-width:999px){.stk-0f07c80 {height:50px !important;}}@media screen and (max-width:689px){.stk-0f07c80 {height:40px !important;}}<\/style><\/div>\n\n\n\n<div class=\"wp-block-stackable-heading stk-block-heading stk-block-heading--v2 stk-block stk-9df6c02\" id=\"strong-hikayemiz-strong\" data-block-id=\"9df6c02\"><style>@media screen and (max-width:999px){.stk-9df6c02 {margin-bottom:40px !important;}}@media screen and (max-width:689px){.stk-9df6c02 {margin-bottom:24px !important;}.stk-9df6c02 .stk-block-heading__text{font-size:25px !important;}}<\/style><h2 class=\"stk-block-heading__text has-text-align-center has-text-align-center-mobile\"><strong>Our story<\/strong><\/h2><\/div>\n\n\n\n<div class=\"wp-block-stackable-text stk-block-text stk-block stk-04945c1\" data-block-id=\"04945c1\"><style>.stk-04945c1 {margin-bottom:24px !important;}<\/style><p class=\"stk-block-text__text has-text-align-justify\">In a seaside town, our daughters <strong>Deniz<\/strong> and <strong>Ada<\/strong> we began making small figures from paper using the origami folding technique during the joyful times we spent together. These moments, initially just a game and a peaceful pastime, gradually evolved into a distinct and meaningful creation that captured the attention of both us and those around us over time.<\/p><\/div>\n\n\n\n<p>When the simplicity of paper merged with the elegance of origami, the resulting figures looked like genuine works of art. We wanted not just to keep this beauty hidden, but to make it a part of our daily lives. Thus, we discovered how a \"piece of paper,\" when carefully folded, could turn into a valuable piece of jewelry.<\/p>\n\n\n\n<p>This discovery quickly turned into a dream: to create our own brand.That dream came to life, inspired by the names of our daughters <strong>Sea Island Atelier <\/strong>under the name.<\/p>\n\n\n\n<p>At Shopinsia, we create unique forms by individually folding specially selected durable papers, lovingly transforming each piece into jewelry. We carefully choose the materials we use, ensuring that the jewelry is both aesthetic and durable. Every single design draws inspiration from the simplicity of nature, the subtlety of art, and the value of handcrafted work.<\/p>\n\n\n\n<p>For us, Shopinsia is not only a jewelry brand; it is also <strong>a journey, a sharing, and a story<\/strong>This adventure, born from peaceful moments in a small seaside town, now reaches everyone who loves handcrafted designs.<\/p>\n\n\n\n<div class=\"wp-block-stackable-spacer stk-block-spacer stk--no-padding stk-block stk-b1c1d04\" data-block-id=\"b1c1d04\"><style>.stk-b1c1d04 {height:100px !important;}@media screen and (max-width:999px){.stk-b1c1d04 {height:50px !important;}}@media screen and (max-width:689px){.stk-b1c1d04 {height:40px !important;}}<\/style><\/div>\n\n\n\n<div class=\"wp-block-stackable-video-popup stk-block-video-popup stk-block stk-ce6580c\" data-video=\"https:\/\/shopinsia.com\/wp-content\/uploads\/2025\/10\/ilham.mp4\" data-block-id=\"ce6580c\"><style>.stk-ce6580c {min-height:400px !important;margin-bottom:0px !important;}<\/style><div class=\"stk-block-video-popup__overlay stk-row stk-inner-blocks stk-block-content stk-hover-parent\" aria-label=\"Play Video\" tabindex=\"0\" role=\"button\">\n<div class=\"wp-block-stackable-icon stk-block-icon has-text-align-center stk-block stk-33de535\" data-block-id=\"33de535\"><span class=\"stk--svg-wrapper\"><div class=\"stk--inner-svg\"><svg style=\"height:0;width:0\"><defs><lineargradient id=\"linear-gradient-33de535\" x1=\"0\" x2=\"100%\" y1=\"0\" y2=\"0\"><stop offset=\"0%\" style=\"stop-opacity:1;stop-color:var(--linear-gradient-33-de-535-color-1)\"><\/stop><stop offset=\"100%\" style=\"stop-opacity:1;stop-color:var(--linear-gradient-33-de-535-color-2)\"><\/stop><\/lineargradient><\/defs><\/svg><svg xmlns=\"http:\/\/www.w3.org\/2000\/svg\" viewbox=\"0 0 384 512\" aria-hidden=\"true\" width=\"32\" height=\"32\"><path d=\"M73 39c-14.8-9.1-33.4-9.4-48.5-.9S0 62.6 0 80V432c0 17.4 9.4 33.4 24.5 41.9s33.7 8.1 48.5-.9L361 297c14.3-8.7 23-24.2 23-41s-8.7-32.2-23-41L73 39z\"><\/path><\/svg><\/div><\/span><\/div>\n\n\n\n<div class=\"wp-block-stackable-image stk-block-image stk-block stk-b91bab3\" data-block-id=\"b91bab3\"><style>.stk-b91bab3 {border-top-left-radius:4px !important;border-top-right-radius:4px !important;border-bottom-right-radius:4px !important;border-bottom-left-radius:4px !important;overflow:hidden !important;}.stk-b91bab3 .stk-img-wrapper::after{background-color:var(--theme-palette-color-4, #111518) !important;}.stk-b91bab3 .stk-img-wrapper:hover::after{background-color:var(--theme-palette-color-4, #111518) !important;}:where(.stk-hover-parent:hover,  .stk-hover-parent.stk--is-hovered) .stk-b91bab3 .stk-img-wrapper::after{background-color:var(--theme-palette-color-4, #111518) !important;}.stk-b91bab3 .stk-img-wrapper{--stk-gradient-overlay:0.2 !important;}.stk-b91bab3 .stk-img-wrapper::before{--stk-gradient-overlay:0.5 !important;}:where(.stk-hover-parent:hover,  .stk-hover-parent.stk--is-hovered) .stk-b91bab3 .stk-img-wrapper{--stk-gradient-overlay:0.5 !important;}@media screen and (max-width:999px){.stk-b91bab3 .stk-img-wrapper{aspect-ratio:16\/9 !important;}.stk-b91bab3 .stk-img-wrapper img{object-position:25% 49% !important;}}@media screen and (max-width:689px){.stk-b91bab3 .stk-img-wrapper{aspect-ratio:3\/4 !important;}.stk-b91bab3 .stk-img-wrapper img{object-position:19% 12% !important;}}<\/style><figure><span class=\"stk-img-wrapper stk-image--shape-stretch\"><img loading=\"lazy\" decoding=\"async\" class=\"stk-img wp-image-1451\" src=\"https:\/\/shopinsia.com\/wp-content\/uploads\/2025\/03\/about-us.webp\" width=\"1300\" height=\"500\" srcset=\"https:\/\/shopinsia.com\/wp-content\/uploads\/2025\/03\/about-us.webp 1300w, https:\/\/shopinsia.com\/wp-content\/uploads\/2025\/03\/about-us-300x115.webp 300w, https:\/\/shopinsia.com\/wp-content\/uploads\/2025\/03\/about-us-1024x394.webp 1024w, https:\/\/shopinsia.com\/wp-content\/uploads\/2025\/03\/about-us-768x295.webp 768w, https:\/\/shopinsia.com\/wp-content\/uploads\/2025\/03\/about-us-18x7.webp 18w, https:\/\/shopinsia.com\/wp-content\/uploads\/2025\/03\/about-us-600x231.webp 600w\" sizes=\"auto, (max-width: 1300px) 100vw, 1300px\" \/><\/span><\/figure><\/div>\n<\/div><\/div>\n\n\n\n<div class=\"wp-block-stackable-spacer stk-block-spacer stk--no-padding stk-block stk-d95c64c\" data-block-id=\"d95c64c\"><style>.stk-d95c64c {height:100px !important;}@media screen and (max-width:999px){.stk-d95c64c {height:80px !important;}}@media screen and (max-width:689px){.stk-d95c64c {height:40px !important;}}<\/style><\/div>\n\n\n\n<div class=\"wp-block-stackable-heading stk-block-heading stk-block-heading--v2 stk-block stk-d32f781\" id=\"vizyonumuz\" data-block-id=\"d32f781\"><style>.stk-d32f781 {margin-bottom:40px !important;}@media screen and (max-width:689px){.stk-d32f781 {margin-bottom:24px !important;}.stk-d32f781 .stk-block-heading__text{font-size:25px !important;}}<\/style><h2 class=\"stk-block-heading__text has-text-align-center has-text-align-center-mobile\">Our vision<\/h2><\/div>\n\n\n\n<div class=\"wp-block-stackable-text stk-block-text stk-block stk-3a923b0\" data-block-id=\"3a923b0\"><style>.stk-3a923b0 {margin-bottom:24px !important;}@media screen and (max-width:689px){.stk-3a923b0 {margin-bottom:40px !important;}}<\/style><p class=\"stk-block-text__text has-text-align-justify\">Our vision is to view jewelry design as a form of artistic expression and to create unique pieces that reflect each individual's unique style. We infuse each design with the uniqueness and personal touch that comes with being handmade. Our jewelry reflects traditional arts in a modern world, each piece highlighting your own unique style and character.<\/p><\/div>\n\n\n\n<div class=\"wp-block-stackable-spacer stk-block-spacer stk--no-padding stk-block stk-a3b4709\" data-block-id=\"a3b4709\"><style>.stk-a3b4709 {height:100px !important;}@media screen and (max-width:999px){.stk-a3b4709 {height:80px !important;}}@media screen and (max-width:689px){.stk-a3b4709 {height:20px !important;}}<\/style><\/div>\n\n\n\n<div class=\"wp-block-stackable-heading stk-block-heading stk-block-heading--v2 stk-block stk-e333157\" id=\"degerlerimiz\" data-block-id=\"e333157\"><style>.stk-e333157 {margin-bottom:40px !important;}@media screen and (max-width:999px){.stk-e333157 {margin-bottom:24px !important;}}@media screen and (max-width:689px){.stk-e333157 {margin-bottom:24px !important;}.stk-e333157 .stk-block-heading__text{font-size:25px !important;}}<\/style><h2 class=\"stk-block-heading__text has-text-align-center has-text-align-center-mobile\">Our values<\/h2><\/div>\n\n\n\n<div class=\"wp-block-stackable-columns stk-block-columns stk-block stk-23f7d34\" data-block-id=\"23f7d34\"><style>.stk-23f7d34 .stk--block-align-23f7d34{align-items:center !important;}.stk-23f7d34 {margin-bottom:0px !important;}.stk-23f7d34-column{--stk-column-gap:60px !important;row-gap:50px !important;}@media screen and (max-width:689px){.stk-23f7d34-column{row-gap:50px !important;}}<\/style><div class=\"stk-row stk-inner-blocks stk--block-align-23f7d34 stk-block-content stk-content-align stk-23f7d34-column\">\n<div class=\"wp-block-stackable-column stk-block-column stk-column stk-block stk-f3bdcdd\" data-v=\"4\" data-block-id=\"f3bdcdd\"><style>.stk-f3bdcdd-container{margin-top:0px !important;margin-right:0px !important;margin-bottom:0px !important;margin-left:0px !important;}@media screen and (min-width:690px){.stk-f3bdcdd {flex:var(--stk-flex-grow, 1) 1 calc(55% - var(--stk-column-gap, 0px) * 1 \/ 2 ) !important;}}@media screen and (min-width:690px) and (max-width:999px){.stk-f3bdcdd {flex:var(--stk-flex-grow, 1) 1 calc(100% - var(--stk-column-gap, 0px) * 0 \/ 1 ) !important;}}<\/style><div class=\"stk-column-wrapper stk-block-column__content stk-container stk-f3bdcdd-container stk--no-background stk--no-padding\"><div class=\"stk-block-content stk-inner-blocks stk-f3bdcdd-inner-blocks\">\n<figure class=\"wp-block-image size-large has-custom-border\"><img loading=\"lazy\" decoding=\"async\" width=\"1024\" height=\"682\" src=\"https:\/\/shopinsia.com\/wp-content\/uploads\/2025\/03\/about_us_story-1024x682.webp\" alt=\"\" class=\"wp-image-1456\" style=\"border-radius:4px\" srcset=\"https:\/\/shopinsia.com\/wp-content\/uploads\/2025\/03\/about_us_story-1024x682.webp 1024w, https:\/\/shopinsia.com\/wp-content\/uploads\/2025\/03\/about_us_story-300x200.webp 300w, https:\/\/shopinsia.com\/wp-content\/uploads\/2025\/03\/about_us_story-768x512.webp 768w, https:\/\/shopinsia.com\/wp-content\/uploads\/2025\/03\/about_us_story-18x12.webp 18w, https:\/\/shopinsia.com\/wp-content\/uploads\/2025\/03\/about_us_story-600x400.webp 600w, https:\/\/shopinsia.com\/wp-content\/uploads\/2025\/03\/about_us_story.webp 1340w\" sizes=\"auto, (max-width: 1024px) 100vw, 1024px\" \/><\/figure>\n<\/div><\/div><\/div>\n\n\n\n<div class=\"wp-block-stackable-column stk-block-column stk-column stk-block stk-dba065b\" data-v=\"4\" data-block-id=\"dba065b\"><style>.stk-dba065b {align-self:center !important;}@media screen and (min-width:690px){.stk-dba065b {flex:var(--stk-flex-grow, 1) 1 calc(45% - var(--stk-column-gap, 0px) * 1 \/ 2 ) !important;}}@media screen and (min-width:690px) and (max-width:999px){.stk-dba065b {flex:var(--stk-flex-grow, 1) 1 calc(100% - var(--stk-column-gap, 0px) * 0 \/ 1 ) !important;}}@media screen and (max-width:999px){.stk-dba065b {margin-bottom:0px !important;}}@media screen and (max-width:689px){.stk-dba065b {margin-bottom:0px !important;}}<\/style><div class=\"stk-column-wrapper stk-block-column__content stk-container stk-dba065b-container stk--no-background stk--no-padding\"><div class=\"stk-block-content stk-inner-blocks stk-dba065b-inner-blocks\">\n<ul class=\"wp-block-list\">\n<li><strong>Handmade:<\/strong> Every piece is prepared entirely by hand, ensuring each jewelry item is unique and personal.<br><\/li>\n\n\n\n<li><strong>Creativity and Aesthetics:<\/strong> Origami highlights the aesthetic and creative aspects of our designs.<br><\/li>\n\n\n\n<li><strong>Quality and Care:<\/strong> We use high-quality materials at every stage, carrying out a results-oriented process with meticulous craftsmanship.<br><\/li>\n\n\n\n<li><strong>Natural and Sustainable:<\/strong> By using nature-sensitive and sustainable materials, we fulfill our environmental responsibility.<br><\/li>\n<\/ul>\n<\/div><\/div><\/div>\n<\/div><\/div>\n\n\n\n<div class=\"wp-block-stackable-spacer stk-block-spacer stk--no-padding stk-block stk-173396b\" data-block-id=\"173396b\"><style>.stk-173396b {height:100px !important;}@media screen and (max-width:999px){.stk-173396b {height:80px !important;}}@media screen and (max-width:689px){.stk-173396b {height:50px !important;}}<\/style><\/div>\n\n\n\n<div class=\"wp-block-stackable-columns stk-block-columns stk-block stk-41508ab stk-block-background\" data-block-id=\"41508ab\"><style>.stk-41508ab .stk--block-align-41508ab{align-items:center !important;}.stk-41508ab {background-color:#fef6e2 !important;padding-top:0px !important;padding-right:30px !important;padding-bottom:0px !important;padding-left:30px !important;margin-bottom:0px !important;}.stk-41508ab:before{background-color:#fef6e2 !important;}.stk-41508ab-column{--stk-column-gap:35px !important;}@media screen and (max-width:999px){.stk-41508ab-column{--stk-column-gap:10px !important;}}@media screen and (max-width:689px){.stk-41508ab {padding-top:70px !important;padding-right:15px !important;padding-bottom:70px !important;padding-left:15px !important;}.stk-41508ab-column{row-gap:50px !important;}}<\/style><div class=\"stk-row stk-inner-blocks stk--block-align-41508ab stk-block-content stk-content-align stk-41508ab-column\">\n<div class=\"wp-block-stackable-column stk-block-column stk-column stk-block stk-58f7d19\" data-v=\"4\" data-block-id=\"58f7d19\"><style>.stk-58f7d19-container{margin-top:0px !important;margin-right:0px !important;margin-bottom:0px !important;margin-left:0px !important;padding-top:70px !important;padding-bottom:70px !important;}@media screen and (max-width:999px){.stk-58f7d19-container{padding-top:30px !important;padding-right:30px !important;padding-bottom:30px !important;padding-left:30px !important;}}<\/style><div class=\"stk-column-wrapper stk-block-column__content stk-container stk-58f7d19-container stk--no-background stk--no-padding\"><div class=\"stk-block-content stk-inner-blocks stk-58f7d19-inner-blocks\">\n<div class=\"wp-block-stackable-text stk-block-text stk-block stk-b9b07d0\" data-block-id=\"b9b07d0\"><style>.stk-b9b07d0 {margin-bottom:10px !important;}.stk-b9b07d0 .stk-block-text__text{color:#f5c448 !important;}<\/style><p class=\"stk-block-text__text has-text-color has-text-align-center-mobile\"><strong>WE WILL BE HAPPY!<\/strong><\/p><\/div>\n\n\n\n<div class=\"wp-block-stackable-heading stk-block-heading stk-block-heading--v2 stk-block stk-2b564fb\" id=\"bizimle-iletisime-gec\" data-block-id=\"2b564fb\"><style>.stk-2b564fb {margin-bottom:10px !important;}.stk-2b564fb .stk-block-heading__text{font-size:50px !important;}@media screen and (max-width:999px){.stk-2b564fb .stk-block-heading__text{font-size:35px !important;}}@media screen and (max-width:689px){.stk-2b564fb .stk-block-heading__text{font-size:25px !important;}}<\/style><h2 class=\"stk-block-heading__text has-text-align-center-mobile\">Contact Us<\/h2><\/div>\n\n\n\n<div class=\"wp-block-stackable-text stk-block-text stk-block stk-c95b83f\" data-block-id=\"c95b83f\"><style>.stk-c95b83f {margin-bottom:50px !important;}@media screen and (max-width:999px){.stk-c95b83f {margin-bottom:40px !important;}}@media screen and (max-width:689px){.stk-c95b83f {margin-bottom:50px !important;}}<\/style><p class=\"stk-block-text__text has-text-align-justify has-text-align-justify-mobile\">Feel free to contact us for more information about our jewelry or to place a custom order. We'd be happy to assist you and create a special piece just for you!<\/p><\/div>\n\n\n\n<div class=\"wp-block-stackable-button-group stk-block-button-group stk-block stk-76fe6ef\" data-block-id=\"76fe6ef\"><div class=\"stk-row stk-inner-blocks has-text-align-center-mobile stk-block-content stk-button-group\">\n<div class=\"wp-block-stackable-button stk-block-button stk-block stk-4b53c7e\" data-block-id=\"4b53c7e\"><style>.stk-4b53c7e .stk-button{padding-right:25px !important;padding-left:25px !important;background:#e6a72e !important;}.stk-4b53c7e .stk-button__inner-text{font-size:18px !important;}@media screen and (max-width:999px){.stk-4b53c7e .stk-button__inner-text{font-size:18px !important;}}<\/style><a class=\"stk-link stk-button stk--hover-effect-darken\" href=\"https:\/\/shopinsia.com\/en\/contact-us\/\"><span class=\"stk-button__inner-text\">Contact Us<\/span><\/a><\/div>\n<\/div><\/div>\n<\/div><\/div><\/div>\n<\/div><\/div>\n\n\n\n<p><\/p>","protected":false},"excerpt":{"rendered":"<p>Kimiz Biz? Shopinsia olarak, tak\u0131 tasar\u0131m\u0131nda geleneksel ve modern unsurlar\u0131 harmanlayarak tamamen el yap\u0131m\u0131, e\u015fsiz par\u00e7alar yarat\u0131yoruz. Origami\u2019nin zarif katlama teknikleri tasar\u0131mlar\u0131m\u0131z\u0131n temel ta\u015flar\u0131n\u0131 olu\u015fturuyor. Hikayemiz Bir sahil kasabas\u0131nda, k\u0131zlar\u0131m\u0131z Deniz ve Ada ile ge\u00e7irdi\u011fimiz keyifli vakitler s\u0131ras\u0131nda origami katlama tekni\u011fiyle ka\u011f\u0131tlardan k\u00fc\u00e7\u00fck fig\u00fcrler yapmaya ba\u015flad\u0131k. \u00d6nceleri sadece bir oyun ve huzurlu bir u\u011fra\u015f olan [&hellip;]<\/p>","protected":false},"author":1,"featured_media":0,"parent":0,"menu_order":0,"comment_status":"closed","ping_status":"closed","template":"","meta":{"advanced_seo_description":"","jetpack_seo_html_title":"","jetpack_seo_noindex":false,"footnotes":""},"class_list":["post-628","page","type-page","status-publish","hentry"],"blocksy_meta":{"styles_descriptor":{"styles":{"desktop":"","tablet":"","mobile":""},"google_fonts":[],"version":6}},"jetpack_shortlink":"https:\/\/wp.me\/PfW0qg-a8","jetpack_sharing_enabled":true,"_links":{"self":[{"href":"https:\/\/shopinsia.com\/en\/wp-json\/wp\/v2\/pages\/628","targetHints":{"allow":["GET"]}}],"collection":[{"href":"https:\/\/shopinsia.com\/en\/wp-json\/wp\/v2\/pages"}],"about":[{"href":"https:\/\/shopinsia.com\/en\/wp-json\/wp\/v2\/types\/page"}],"author":[{"embeddable":true,"href":"https:\/\/shopinsia.com\/en\/wp-json\/wp\/v2\/users\/1"}],"replies":[{"embeddable":true,"href":"https:\/\/shopinsia.com\/en\/wp-json\/wp\/v2\/comments?post=628"}],"version-history":[{"count":47,"href":"https:\/\/shopinsia.com\/en\/wp-json\/wp\/v2\/pages\/628\/revisions"}],"predecessor-version":[{"id":3203,"href":"https:\/\/shopinsia.com\/en\/wp-json\/wp\/v2\/pages\/628\/revisions\/3203"}],"wp:attachment":[{"href":"https:\/\/shopinsia.com\/en\/wp-json\/wp\/v2\/media?parent=628"}],"curies":[{"name":"wp","href":"https:\/\/api.w.org\/{rel}","templated":true}]}}