{"id":4045,"date":"2026-02-04T00:07:51","date_gmt":"2026-02-03T21:07:51","guid":{"rendered":"https:\/\/shopinsia.com\/?post_type=product&#038;p=4045"},"modified":"2026-02-05T14:51:52","modified_gmt":"2026-02-05T11:51:52","slug":"trigono-medium-17","status":"publish","type":"product","link":"https:\/\/shopinsia.com\/en\/trigono\/trigono-medium-17\/","title":{"rendered":"Trigono Medium"},"content":{"rendered":"<p><strong>PRODUCT CARE<\/strong><\/p>\n<p>To ensure long-lasting use, avoid exposure to excessive water and contact with chemical liquids.<\/p>\n<p><strong>RETURNS<\/strong><\/p>\n<p>For hygiene reasons, jewelry accessories such as earrings are non-returnable. There are several fundamental reasons for this policy:<\/p>\n<ol>\n<li><strong>Direct Skin Contact<\/strong>Since earrings come into direct skin contact, they carry a risk of contamination with bacteria, viruses, or other microorganisms after use. Therefore, it is essential that they are non-returnable in order to maintain high hygiene standards.<\/li>\n<li><strong>Health Risks<\/strong>:Returned jewelry can lead to health concerns. Accessories passed from one user to another may cause allergic reactions or infections.<\/li>\n<\/ol>\n<p>For these reasons, it is important to choose carefully when purchasing earrings and to observe hygiene standards.<\/p>","protected":false},"excerpt":{"rendered":"<p><strong>Product Name:<\/strong><\/p>\n<p>Trigono Medium<\/p>\n<p><strong>Product Description:<\/strong><\/p>\n<p>Distinguished by their original design and elegant craftsmanship, these handmade origami earrings are a special design where nature and art meet. Shaped by the art of folding and treated with protective coatings, these special papers are elegantly combined with natural stones and gold-plated findings to complete your chic look.<\/p>\n<p><strong>Features:<\/strong><\/p>\n<ul>\n<li><strong>Material:<\/strong> Special paper, natural stone, gold-plated findings (or hardware)<\/li>\n<li><strong>Design<\/strong>: Origami<\/li>\n<li><strong>Style<\/strong>Modern, elegant, and unique<\/li>\n<li><strong>Dimension:<\/strong> Rahat kullan\u0131m i\u00e7in ideal, ~ 6 x 2.5 cm boyutlar\u0131nda<\/li>\n<li><strong>Weight:<\/strong> Designed for light and comfortable wear<\/li>\n<\/ul>\n<p>Each earring is crafted using carefully selected materials and traditional hand-workmanship. The natural quality of the special paper creates a unique texture and chicness in every piece. Gold-plated details and natural stones offer an elegant and stylish appearance, thus adding grace to your every moment.<\/p>\n<p data-start=\"1111\" data-end=\"1185\">*Her bir k\u00fcpe tektir. Ka\u011f\u0131d\u0131n e\u015fsiz desenleriyle ortaya \u00e7\u0131kt\u0131\u011f\u0131 i\u00e7in yaln\u0131zca size \u00f6zeldir. Dolay\u0131s\u0131yla model ve ka\u011f\u0131t ayn\u0131 olsa dahi foto\u011frafta g\u00f6rd\u00fc\u011f\u00fcn\u00fcz desen sipari\u015f etti\u011finiz k\u00fcpede farkl\u0131l\u0131k g\u00f6sterebilir.<\/p>","protected":false},"featured_media":4046,"comment_status":"open","ping_status":"closed","template":"","meta":{"advanced_seo_description":"","jetpack_seo_html_title":"","jetpack_seo_noindex":false},"product_brand":[],"product_cat":[34,85],"product_tag":[40,54,53,52,41,61,57,39,36],"class_list":{"0":"post-4045","1":"product","2":"type-product","3":"status-publish","4":"has-post-thumbnail","6":"product_cat-kupeler","7":"product_cat-trigono","8":"product_tag-aksesuar","9":"product_tag-altin-kaplama","10":"product_tag-dogal-tas","11":"product_tag-el-yapimi","12":"product_tag-handmade","13":"product_tag-hediye","14":"product_tag-kagit","15":"product_tag-kupe","16":"product_tag-origami","18":"first","19":"instock","20":"shipping-taxable","21":"purchasable","22":"product-type-simple"},"jetpack_sharing_enabled":true,"_links":{"self":[{"href":"https:\/\/shopinsia.com\/en\/wp-json\/wp\/v2\/product\/4045","targetHints":{"allow":["GET"]}}],"collection":[{"href":"https:\/\/shopinsia.com\/en\/wp-json\/wp\/v2\/product"}],"about":[{"href":"https:\/\/shopinsia.com\/en\/wp-json\/wp\/v2\/types\/product"}],"replies":[{"embeddable":true,"href":"https:\/\/shopinsia.com\/en\/wp-json\/wp\/v2\/comments?post=4045"}],"wp:featuredmedia":[{"embeddable":true,"href":"https:\/\/shopinsia.com\/en\/wp-json\/wp\/v2\/media\/4046"}],"wp:attachment":[{"href":"https:\/\/shopinsia.com\/en\/wp-json\/wp\/v2\/media?parent=4045"}],"wp:term":[{"taxonomy":"product_brand","embeddable":true,"href":"https:\/\/shopinsia.com\/en\/wp-json\/wp\/v2\/product_brand?post=4045"},{"taxonomy":"product_cat","embeddable":true,"href":"https:\/\/shopinsia.com\/en\/wp-json\/wp\/v2\/product_cat?post=4045"},{"taxonomy":"product_tag","embeddable":true,"href":"https:\/\/shopinsia.com\/en\/wp-json\/wp\/v2\/product_tag?post=4045"}],"curies":[{"name":"wp","href":"https:\/\/api.w.org\/{rel}","templated":true}]}}